{"id":673,"date":"2021-07-13T09:27:49","date_gmt":"2021-07-13T09:27:49","guid":{"rendered":"https:\/\/bridge461.qodeinteractive.com\/?page_id=673"},"modified":"2023-10-04T14:04:14","modified_gmt":"2023-10-04T12:04:14","slug":"taller-diesel-bogota-talleres-cipagauta","status":"publish","type":"page","link":"https:\/\/tallerdieselbogota.com\/index.php\/taller-diesel-bogota-talleres-cipagauta\/","title":{"rendered":"Taller Diesel Bogota &#8211; Talleres Cipagauta"},"content":{"rendered":"\t\t<div data-elementor-type=\"wp-page\" data-elementor-id=\"673\" class=\"elementor elementor-673\">\n\t\t\t\t\t\t<section class=\"elementor-section elementor-top-section elementor-element elementor-element-661d74c elementor-section-full_width qode_elementor_container_inner elementor-section-height-default elementor-section-height-default parallax_section_no\" data-id=\"661d74c\" data-element_type=\"section\">\n\t\t\t\t\t\t<div class=\"elementor-container elementor-column-gap-default\">\n\t\t\t\t\t<div class=\"elementor-column elementor-col-100 elementor-top-column elementor-element elementor-element-0861195\" data-id=\"0861195\" data-element_type=\"column\">\n\t\t\t<div class=\"elementor-widget-wrap elementor-element-populated\">\n\t\t\t\t\t\t<div class=\"elementor-element elementor-element-14aed2a elementor-widget elementor-widget-image\" data-id=\"14aed2a\" data-element_type=\"widget\" data-widget_type=\"image.default\">\n\t\t\t\t<div class=\"elementor-widget-container\">\n\t\t\t\t\t\t\t\t\t\t\t\t\t\t\t<img fetchpriority=\"high\" decoding=\"async\" width=\"1024\" height=\"442\" src=\"https:\/\/tallerdieselbogota.com\/wp-content\/uploads\/2021\/07\/Mantenimiento-Motores-diesel-Bogota-1024x442.jpg\" class=\"attachment-large size-large wp-image-1407\" alt=\"\" srcset=\"https:\/\/tallerdieselbogota.com\/wp-content\/uploads\/2021\/07\/Mantenimiento-Motores-diesel-Bogota-1024x442.jpg 1024w, https:\/\/tallerdieselbogota.com\/wp-content\/uploads\/2021\/07\/Mantenimiento-Motores-diesel-Bogota-300x129.jpg 300w, https:\/\/tallerdieselbogota.com\/wp-content\/uploads\/2021\/07\/Mantenimiento-Motores-diesel-Bogota-768x331.jpg 768w, https:\/\/tallerdieselbogota.com\/wp-content\/uploads\/2021\/07\/Mantenimiento-Motores-diesel-Bogota-700x302.jpg 700w, https:\/\/tallerdieselbogota.com\/wp-content\/uploads\/2021\/07\/Mantenimiento-Motores-diesel-Bogota.jpg 1110w\" sizes=\"(max-width: 1024px) 100vw, 1024px\" \/>\t\t\t\t\t\t\t\t\t\t\t\t\t\t\t<\/div>\n\t\t\t\t<\/div>\n\t\t\t\t\t<\/div>\n\t\t<\/div>\n\t\t\t\t\t<\/div>\n\t\t<\/section>\n\t\t<div class=\"elementor-element elementor-element-b392e03 e-flex e-con-boxed e-con e-parent\" data-id=\"b392e03\" data-element_type=\"container\">\n\t\t\t\t\t<div class=\"e-con-inner\">\n\t\t\t\t<div class=\"elementor-element elementor-element-52095f5 elementor-widget elementor-widget-heading\" data-id=\"52095f5\" data-element_type=\"widget\" data-widget_type=\"heading.default\">\n\t\t\t\t<div class=\"elementor-widget-container\">\n\t\t\t\t\t<h2 class=\"elementor-heading-title elementor-size-default\">\u00bfQui\u00e9nes somos?<\/h2>\t\t\t\t<\/div>\n\t\t\t\t<\/div>\n\t\t\t\t\t<\/div>\n\t\t\t\t<\/div>\n\t\t<div class=\"elementor-element elementor-element-ddab565 e-flex e-con-boxed e-con e-parent\" data-id=\"ddab565\" data-element_type=\"container\">\n\t\t\t\t\t<div class=\"e-con-inner\">\n\t\t\t\t<div class=\"elementor-element elementor-element-f2986b7 elementor-widget elementor-widget-spacer\" data-id=\"f2986b7\" data-element_type=\"widget\" data-widget_type=\"spacer.default\">\n\t\t\t\t<div class=\"elementor-widget-container\">\n\t\t\t\t\t\t\t<div class=\"elementor-spacer\">\n\t\t\t<div class=\"elementor-spacer-inner\"><\/div>\n\t\t<\/div>\n\t\t\t\t\t\t<\/div>\n\t\t\t\t<\/div>\n\t\t\t\t\t<\/div>\n\t\t\t\t<\/div>\n\t\t<div class=\"elementor-element elementor-element-392bbe3 e-flex e-con-boxed e-con e-parent\" data-id=\"392bbe3\" data-element_type=\"container\">\n\t\t\t\t\t<div class=\"e-con-inner\">\n\t\t\t\t<div class=\"elementor-element elementor-element-7ebe1dd elementor-widget elementor-widget-text-editor\" data-id=\"7ebe1dd\" data-element_type=\"widget\" data-widget_type=\"text-editor.default\">\n\t\t\t\t<div class=\"elementor-widget-container\">\n\t\t\t\t\t\t\t\t\tSomos un taller mec\u00e1nico especializado en motores diesel, con m\u00e1s de 20 a\u00f1os de experiencia en el mercado. Nos dedicamos al mantenimiento y reparaci\u00f3n de veh\u00edculos pesados, mulas y volquetas, veh\u00edculos de carga, y maquinaria de construcci\u00f3n.\n\nContamos con un equipo de profesionales altamente capacitados y experimentados, que utilizan las \u00faltimas tecnolog\u00edas y herramientas para brindar un servicio de excelencia.\t\t\t\t\t\t\t\t<\/div>\n\t\t\t\t<\/div>\n\t\t\t\t\t<\/div>\n\t\t\t\t<\/div>\n\t\t<div class=\"elementor-element elementor-element-13e0b46 e-flex e-con-boxed e-con e-parent\" data-id=\"13e0b46\" data-element_type=\"container\">\n\t\t\t\t\t<div class=\"e-con-inner\">\n\t\t\t\t<div class=\"elementor-element elementor-element-f5c6b3c elementor-widget elementor-widget-spacer\" data-id=\"f5c6b3c\" data-element_type=\"widget\" data-widget_type=\"spacer.default\">\n\t\t\t\t<div class=\"elementor-widget-container\">\n\t\t\t\t\t\t\t<div class=\"elementor-spacer\">\n\t\t\t<div class=\"elementor-spacer-inner\"><\/div>\n\t\t<\/div>\n\t\t\t\t\t\t<\/div>\n\t\t\t\t<\/div>\n\t\t\t\t\t<\/div>\n\t\t\t\t<\/div>\n\t\t\t\t<section class=\"elementor-section elementor-top-section elementor-element elementor-element-cdcd870 elementor-section-full_width qode_elementor_container_inner elementor-section-height-default elementor-section-height-default parallax_section_no\" data-id=\"cdcd870\" data-element_type=\"section\">\n\t\t\t\t\t\t<div class=\"elementor-container elementor-column-gap-default\">\n\t\t\t\t\t<div class=\"elementor-column elementor-col-33 elementor-top-column elementor-element elementor-element-40358be\" data-id=\"40358be\" data-element_type=\"column\">\n\t\t\t<div class=\"elementor-widget-wrap elementor-element-populated\">\n\t\t\t\t\t\t<div class=\"elementor-element elementor-element-6753a75 elementor-widget elementor-widget-image\" data-id=\"6753a75\" data-element_type=\"widget\" data-widget_type=\"image.default\">\n\t\t\t\t<div class=\"elementor-widget-container\">\n\t\t\t\t\t\t\t\t\t\t\t\t\t\t\t<img decoding=\"async\" width=\"994\" height=\"663\" src=\"https:\/\/tallerdieselbogota.com\/wp-content\/uploads\/2023\/10\/Motor-Diesel-en-Bogota.jpg\" class=\"attachment-full size-full wp-image-1493\" alt=\"\" srcset=\"https:\/\/tallerdieselbogota.com\/wp-content\/uploads\/2023\/10\/Motor-Diesel-en-Bogota.jpg 994w, https:\/\/tallerdieselbogota.com\/wp-content\/uploads\/2023\/10\/Motor-Diesel-en-Bogota-300x200.jpg 300w, https:\/\/tallerdieselbogota.com\/wp-content\/uploads\/2023\/10\/Motor-Diesel-en-Bogota-768x512.jpg 768w, https:\/\/tallerdieselbogota.com\/wp-content\/uploads\/2023\/10\/Motor-Diesel-en-Bogota-700x467.jpg 700w\" sizes=\"(max-width: 994px) 100vw, 994px\" \/>\t\t\t\t\t\t\t\t\t\t\t\t\t\t\t<\/div>\n\t\t\t\t<\/div>\n\t\t\t\t<div class=\"elementor-element elementor-element-27494a2 elementor-widget elementor-widget-text-editor\" data-id=\"27494a2\" data-element_type=\"widget\" data-widget_type=\"text-editor.default\">\n\t\t\t\t<div class=\"elementor-widget-container\">\n\t\t\t\t\t\t\t\t\t<div class=\"wpb_text_column wpb_content_element \"><div class=\"wpb_wrapper\"><h4>Misi\u00f3n<\/h4><\/div><\/div><div class=\"vc_empty_space\">\u00a0<\/div>\t\t\t\t\t\t\t\t<\/div>\n\t\t\t\t<\/div>\n\t\t\t\t<div class=\"elementor-element elementor-element-e424bfb elementor-widget elementor-widget-text-editor\" data-id=\"e424bfb\" data-element_type=\"widget\" data-widget_type=\"text-editor.default\">\n\t\t\t\t<div class=\"elementor-widget-container\">\n\t\t\t\t\t\t\t\t\tNuestra misi\u00f3n es brindar un servicio de mantenimiento y reparaci\u00f3n de motores diesel de alta calidad, que satisfaga las necesidades de nuestros clientes.\t\t\t\t\t\t\t\t<\/div>\n\t\t\t\t<\/div>\n\t\t\t\t\t<\/div>\n\t\t<\/div>\n\t\t\t\t<div class=\"elementor-column elementor-col-33 elementor-top-column elementor-element elementor-element-f688bea\" data-id=\"f688bea\" data-element_type=\"column\">\n\t\t\t<div class=\"elementor-widget-wrap elementor-element-populated\">\n\t\t\t\t\t\t<div class=\"elementor-element elementor-element-6fe53fd elementor-widget elementor-widget-image\" data-id=\"6fe53fd\" data-element_type=\"widget\" data-widget_type=\"image.default\">\n\t\t\t\t<div class=\"elementor-widget-container\">\n\t\t\t\t\t\t\t\t\t\t\t\t\t\t\t<img decoding=\"async\" width=\"994\" height=\"663\" src=\"https:\/\/tallerdieselbogota.com\/wp-content\/uploads\/2023\/09\/Motores-Diesel-Bogota.jpg\" class=\"attachment-full size-full wp-image-1487\" alt=\"\" srcset=\"https:\/\/tallerdieselbogota.com\/wp-content\/uploads\/2023\/09\/Motores-Diesel-Bogota.jpg 994w, https:\/\/tallerdieselbogota.com\/wp-content\/uploads\/2023\/09\/Motores-Diesel-Bogota-300x200.jpg 300w, https:\/\/tallerdieselbogota.com\/wp-content\/uploads\/2023\/09\/Motores-Diesel-Bogota-768x512.jpg 768w, https:\/\/tallerdieselbogota.com\/wp-content\/uploads\/2023\/09\/Motores-Diesel-Bogota-700x467.jpg 700w\" sizes=\"(max-width: 994px) 100vw, 994px\" \/>\t\t\t\t\t\t\t\t\t\t\t\t\t\t\t<\/div>\n\t\t\t\t<\/div>\n\t\t\t\t<div class=\"elementor-element elementor-element-57bafd9 elementor-widget elementor-widget-text-editor\" data-id=\"57bafd9\" data-element_type=\"widget\" data-widget_type=\"text-editor.default\">\n\t\t\t\t<div class=\"elementor-widget-container\">\n\t\t\t\t\t\t\t\t\t<h4>Visi\u00f3n<\/h4>\t\t\t\t\t\t\t\t<\/div>\n\t\t\t\t<\/div>\n\t\t\t\t<div class=\"elementor-element elementor-element-9a4b274 elementor-widget elementor-widget-text-editor\" data-id=\"9a4b274\" data-element_type=\"widget\" data-widget_type=\"text-editor.default\">\n\t\t\t\t<div class=\"elementor-widget-container\">\n\t\t\t\t\t\t\t\t\tSer el taller mec\u00e1nico l\u00edder en el mercado de motores diesel, ofreciendo un servicio de excelencia, a precios competitivos.\t\t\t\t\t\t\t\t<\/div>\n\t\t\t\t<\/div>\n\t\t\t\t\t<\/div>\n\t\t<\/div>\n\t\t\t\t<div class=\"elementor-column elementor-col-33 elementor-top-column elementor-element elementor-element-078d62c\" data-id=\"078d62c\" data-element_type=\"column\">\n\t\t\t<div class=\"elementor-widget-wrap elementor-element-populated\">\n\t\t\t\t\t\t<div class=\"elementor-element elementor-element-649193f elementor-widget elementor-widget-image\" data-id=\"649193f\" data-element_type=\"widget\" data-widget_type=\"image.default\">\n\t\t\t\t<div class=\"elementor-widget-container\">\n\t\t\t\t\t\t\t\t\t\t\t\t\t\t\t<img loading=\"lazy\" decoding=\"async\" width=\"920\" height=\"614\" src=\"https:\/\/tallerdieselbogota.com\/wp-content\/uploads\/2023\/10\/Camiones-Diesel-Bogota.jpg\" class=\"attachment-full size-full wp-image-1501\" alt=\"\" srcset=\"https:\/\/tallerdieselbogota.com\/wp-content\/uploads\/2023\/10\/Camiones-Diesel-Bogota.jpg 920w, https:\/\/tallerdieselbogota.com\/wp-content\/uploads\/2023\/10\/Camiones-Diesel-Bogota-300x200.jpg 300w, https:\/\/tallerdieselbogota.com\/wp-content\/uploads\/2023\/10\/Camiones-Diesel-Bogota-768x513.jpg 768w, https:\/\/tallerdieselbogota.com\/wp-content\/uploads\/2023\/10\/Camiones-Diesel-Bogota-700x467.jpg 700w\" sizes=\"(max-width: 920px) 100vw, 920px\" \/>\t\t\t\t\t\t\t\t\t\t\t\t\t\t\t<\/div>\n\t\t\t\t<\/div>\n\t\t\t\t<div class=\"elementor-element elementor-element-6e265e1 elementor-widget elementor-widget-text-editor\" data-id=\"6e265e1\" data-element_type=\"widget\" data-widget_type=\"text-editor.default\">\n\t\t\t\t<div class=\"elementor-widget-container\">\n\t\t\t\t\t\t\t\t\t<h4>Objetivo de calidad<\/h4>\t\t\t\t\t\t\t\t<\/div>\n\t\t\t\t<\/div>\n\t\t\t\t<div class=\"elementor-element elementor-element-d5688fb elementor-widget elementor-widget-text-editor\" data-id=\"d5688fb\" data-element_type=\"widget\" data-widget_type=\"text-editor.default\">\n\t\t\t\t<div class=\"elementor-widget-container\">\n\t\t\t\t\t\t\t\t\tBrindar un servicio de mantenimiento y reparaci\u00f3n de motores diesel de alta calidad, que cumpla con los est\u00e1ndares de seguridad y medio ambiente.\n   \n\t\t\t\t\t\t\t\t<\/div>\n\t\t\t\t<\/div>\n\t\t\t\t\t<\/div>\n\t\t<\/div>\n\t\t\t\t\t<\/div>\n\t\t<\/section>\n\t\t<div class=\"elementor-element elementor-element-16967ec e-flex e-con-boxed e-con e-parent\" data-id=\"16967ec\" data-element_type=\"container\">\n\t\t\t\t\t<div class=\"e-con-inner\">\n\t\t\t\t<div class=\"elementor-element elementor-element-1741412 elementor-widget elementor-widget-heading\" data-id=\"1741412\" data-element_type=\"widget\" data-widget_type=\"heading.default\">\n\t\t\t\t<div class=\"elementor-widget-container\">\n\t\t\t\t\t<h2 class=\"elementor-heading-title elementor-size-default\">Algunos de Nuestros Servicios<\/h2>\t\t\t\t<\/div>\n\t\t\t\t<\/div>\n\t\t\t\t\t<\/div>\n\t\t\t\t<\/div>\n\t\t<div class=\"elementor-element elementor-element-4ec4ffa e-flex e-con-boxed e-con e-parent\" data-id=\"4ec4ffa\" data-element_type=\"container\">\n\t\t\t\t\t<div class=\"e-con-inner\">\n\t\t\t\t<div class=\"elementor-element elementor-element-fd5f3da elementor-icon-list--layout-traditional elementor-list-item-link-full_width elementor-widget elementor-widget-icon-list\" data-id=\"fd5f3da\" data-element_type=\"widget\" data-widget_type=\"icon-list.default\">\n\t\t\t\t<div class=\"elementor-widget-container\">\n\t\t\t\t\t\t\t<ul class=\"elementor-icon-list-items\">\n\t\t\t\t\t\t\t<li class=\"elementor-icon-list-item\">\n\t\t\t\t\t\t\t\t\t\t\t<span class=\"elementor-icon-list-icon\">\n\t\t\t\t\t\t\t<i aria-hidden=\"true\" class=\"fas fa-check-circle\"><\/i>\t\t\t\t\t\t<\/span>\n\t\t\t\t\t\t\t\t\t\t<span class=\"elementor-icon-list-text\">Mantenimiento de veh\u00edculos diesel<\/span>\n\t\t\t\t\t\t\t\t\t<\/li>\n\t\t\t\t\t\t\t\t<li class=\"elementor-icon-list-item\">\n\t\t\t\t\t\t\t\t\t\t\t<span class=\"elementor-icon-list-icon\">\n\t\t\t\t\t\t\t<i aria-hidden=\"true\" class=\"fas fa-check-circle\"><\/i>\t\t\t\t\t\t<\/span>\n\t\t\t\t\t\t\t\t\t\t<span class=\"elementor-icon-list-text\">Reparaci\u00f3n de veh\u00edculos pesados<\/span>\n\t\t\t\t\t\t\t\t\t<\/li>\n\t\t\t\t\t\t\t\t<li class=\"elementor-icon-list-item\">\n\t\t\t\t\t\t\t\t\t\t\t<span class=\"elementor-icon-list-icon\">\n\t\t\t\t\t\t\t<i aria-hidden=\"true\" class=\"fas fa-check-circle\"><\/i>\t\t\t\t\t\t<\/span>\n\t\t\t\t\t\t\t\t\t\t<span class=\"elementor-icon-list-text\">Mantenimiento de mulas y volquetas<\/span>\n\t\t\t\t\t\t\t\t\t<\/li>\n\t\t\t\t\t\t\t\t<li class=\"elementor-icon-list-item\">\n\t\t\t\t\t\t\t\t\t\t\t<span class=\"elementor-icon-list-icon\">\n\t\t\t\t\t\t\t<i aria-hidden=\"true\" class=\"fas fa-check-circle\"><\/i>\t\t\t\t\t\t<\/span>\n\t\t\t\t\t\t\t\t\t\t<span class=\"elementor-icon-list-text\">Mantenimiento de veh\u00edculos de carga<\/span>\n\t\t\t\t\t\t\t\t\t<\/li>\n\t\t\t\t\t\t\t\t<li class=\"elementor-icon-list-item\">\n\t\t\t\t\t\t\t\t\t\t\t<span class=\"elementor-icon-list-icon\">\n\t\t\t\t\t\t\t<i aria-hidden=\"true\" class=\"fas fa-check-circle\"><\/i>\t\t\t\t\t\t<\/span>\n\t\t\t\t\t\t\t\t\t\t<span class=\"elementor-icon-list-text\">Repuestos para diesel<\/span>\n\t\t\t\t\t\t\t\t\t<\/li>\n\t\t\t\t\t\t\t\t<li class=\"elementor-icon-list-item\">\n\t\t\t\t\t\t\t\t\t\t\t<span class=\"elementor-icon-list-icon\">\n\t\t\t\t\t\t\t<i aria-hidden=\"true\" class=\"fas fa-check-circle\"><\/i>\t\t\t\t\t\t<\/span>\n\t\t\t\t\t\t\t\t\t\t<span class=\"elementor-icon-list-text\">Repuestos a domicilio diesel<\/span>\n\t\t\t\t\t\t\t\t\t<\/li>\n\t\t\t\t\t\t\t\t<li class=\"elementor-icon-list-item\">\n\t\t\t\t\t\t\t\t\t\t\t<span class=\"elementor-icon-list-icon\">\n\t\t\t\t\t\t\t<i aria-hidden=\"true\" class=\"fas fa-check-circle\"><\/i>\t\t\t\t\t\t<\/span>\n\t\t\t\t\t\t\t\t\t\t<span class=\"elementor-icon-list-text\">Arreglo de carros de carga<\/span>\n\t\t\t\t\t\t\t\t\t<\/li>\n\t\t\t\t\t\t\t\t<li class=\"elementor-icon-list-item\">\n\t\t\t\t\t\t\t\t\t\t\t<span class=\"elementor-icon-list-icon\">\n\t\t\t\t\t\t\t<i aria-hidden=\"true\" class=\"fas fa-check-circle\"><\/i>\t\t\t\t\t\t<\/span>\n\t\t\t\t\t\t\t\t\t\t<span class=\"elementor-icon-list-text\">Reparaci\u00f3n de caja y transmisiones<\/span>\n\t\t\t\t\t\t\t\t\t<\/li>\n\t\t\t\t\t\t\t\t<li class=\"elementor-icon-list-item\">\n\t\t\t\t\t\t\t\t\t\t\t<span class=\"elementor-icon-list-icon\">\n\t\t\t\t\t\t\t<i aria-hidden=\"true\" class=\"fas fa-check-circle\"><\/i>\t\t\t\t\t\t<\/span>\n\t\t\t\t\t\t\t\t\t\t<span class=\"elementor-icon-list-text\">Adaptaci\u00f3n de motores diesel<\/span>\n\t\t\t\t\t\t\t\t\t<\/li>\n\t\t\t\t\t\t\t\t<li class=\"elementor-icon-list-item\">\n\t\t\t\t\t\t\t\t\t\t\t<span class=\"elementor-icon-list-icon\">\n\t\t\t\t\t\t\t<i aria-hidden=\"true\" class=\"fas fa-check-circle\"><\/i>\t\t\t\t\t\t<\/span>\n\t\t\t\t\t\t\t\t\t\t<span class=\"elementor-icon-list-text\">Mantenimiento integral de flotas<\/span>\n\t\t\t\t\t\t\t\t\t<\/li>\n\t\t\t\t\t\t\t\t<li class=\"elementor-icon-list-item\">\n\t\t\t\t\t\t\t\t\t\t\t<span class=\"elementor-icon-list-icon\">\n\t\t\t\t\t\t\t<i aria-hidden=\"true\" class=\"fas fa-check-circle\"><\/i>\t\t\t\t\t\t<\/span>\n\t\t\t\t\t\t\t\t\t\t<span class=\"elementor-icon-list-text\">T\u00e9cnicos mec\u00e1nico a domicilio<\/span>\n\t\t\t\t\t\t\t\t\t<\/li>\n\t\t\t\t\t\t\t\t<li class=\"elementor-icon-list-item\">\n\t\t\t\t\t\t\t\t\t\t\t<span class=\"elementor-icon-list-icon\">\n\t\t\t\t\t\t\t<i aria-hidden=\"true\" class=\"fas fa-check-circle\"><\/i>\t\t\t\t\t\t<\/span>\n\t\t\t\t\t\t\t\t\t\t<span class=\"elementor-icon-list-text\">Servicio de maquinaria de construcci\u00f3n<\/span>\n\t\t\t\t\t\t\t\t\t<\/li>\n\t\t\t\t\t\t\t\t<li class=\"elementor-icon-list-item\">\n\t\t\t\t\t\t\t\t\t\t\t<span class=\"elementor-icon-list-icon\">\n\t\t\t\t\t\t\t<i aria-hidden=\"true\" class=\"fas fa-check-circle\"><\/i>\t\t\t\t\t\t<\/span>\n\t\t\t\t\t\t\t\t\t\t<span class=\"elementor-icon-list-text\">Repuestos maquinaria amarilla<\/span>\n\t\t\t\t\t\t\t\t\t<\/li>\n\t\t\t\t\t\t\t\t<li class=\"elementor-icon-list-item\">\n\t\t\t\t\t\t\t\t\t\t\t<span class=\"elementor-icon-list-icon\">\n\t\t\t\t\t\t\t<i aria-hidden=\"true\" class=\"fas fa-check-circle\"><\/i>\t\t\t\t\t\t<\/span>\n\t\t\t\t\t\t\t\t\t\t<span class=\"elementor-icon-list-text\">Servicio reparaci\u00f3n diesel<\/span>\n\t\t\t\t\t\t\t\t\t<\/li>\n\t\t\t\t\t\t<\/ul>\n\t\t\t\t\t\t<\/div>\n\t\t\t\t<\/div>\n\t\t\t\t\t<\/div>\n\t\t\t\t<\/div>\n\t\t<div class=\"elementor-element elementor-element-241c140 e-flex e-con-boxed e-con e-parent\" data-id=\"241c140\" data-element_type=\"container\">\n\t\t\t\t\t<div class=\"e-con-inner\">\n\t\t\t\t<div class=\"elementor-element elementor-element-4cd123b elementor-widget elementor-widget-spacer\" data-id=\"4cd123b\" data-element_type=\"widget\" data-widget_type=\"spacer.default\">\n\t\t\t\t<div class=\"elementor-widget-container\">\n\t\t\t\t\t\t\t<div class=\"elementor-spacer\">\n\t\t\t<div class=\"elementor-spacer-inner\"><\/div>\n\t\t<\/div>\n\t\t\t\t\t\t<\/div>\n\t\t\t\t<\/div>\n\t\t\t\t\t<\/div>\n\t\t\t\t<\/div>\n\t\t\t\t<section class=\"elementor-section elementor-top-section elementor-element elementor-element-46c0d60 elementor-section-full_width elementor-section-height-default elementor-section-height-default parallax_section_no qode_elementor_container_no\" data-id=\"46c0d60\" data-element_type=\"section\" data-settings=\"{&quot;background_background&quot;:&quot;classic&quot;}\">\n\t\t\t\t\t\t<div class=\"elementor-container elementor-column-gap-default\">\n\t\t\t\t\t<div class=\"elementor-column elementor-col-100 elementor-top-column elementor-element elementor-element-2b9d374\" data-id=\"2b9d374\" data-element_type=\"column\">\n\t\t\t<div class=\"elementor-widget-wrap elementor-element-populated\">\n\t\t\t\t\t\t<section class=\"elementor-section elementor-inner-section elementor-element elementor-element-392518a elementor-section-full_width qode_elementor_container_inner elementor-section-height-default elementor-section-height-default parallax_section_no\" data-id=\"392518a\" data-element_type=\"section\">\n\t\t\t\t\t\t<div class=\"elementor-container elementor-column-gap-default\">\n\t\t\t\t\t<div class=\"elementor-column elementor-col-100 elementor-inner-column elementor-element elementor-element-6c9666f\" data-id=\"6c9666f\" data-element_type=\"column\">\n\t\t\t<div class=\"elementor-widget-wrap elementor-element-populated\">\n\t\t\t\t\t\t<div class=\"elementor-element elementor-element-30aa32c elementor-widget elementor-widget-bridge_carousel\" data-id=\"30aa32c\" data-element_type=\"widget\" data-widget_type=\"bridge_carousel.default\">\n\t\t\t\t<div class=\"elementor-widget-container\">\n\t\t\t\t\t<div class='qode_carousels_holder clearfix'><div class='qode_carousels' data-number-of-visible-items='4'><ul class='slides'><li class='item'><div class=\"carousel_item_holder\"><a itemprop='url' href='#' target='_self'><span class='first_image_holder has_hover_image'><img decoding=\"async\" itemprop=\"image\" src=\"https:\/\/tallerdieselbogota.com\/wp-content\/uploads\/2023\/10\/caterpillar.jpg\" alt=\"carousel image\" \/><\/span><span class='second_image_holder has_hover_image'><img decoding=\"async\" itemprop=\"image\" src=\"https:\/\/tallerdieselbogota.com\/wp-content\/uploads\/2023\/10\/caterpillar.jpg\" alt=\"carousel image\" \/><\/span><\/a><\/div><\/li><li class='item'><div class=\"carousel_item_holder\"><a itemprop='url' href='#' target='_self'><span class='first_image_holder has_hover_image'><img decoding=\"async\" itemprop=\"image\" src=\"https:\/\/tallerdieselbogota.com\/wp-content\/uploads\/2023\/10\/Cummins.jpg\" alt=\"carousel image\" \/><\/span><span class='second_image_holder has_hover_image'><img decoding=\"async\" itemprop=\"image\" src=\"https:\/\/tallerdieselbogota.com\/wp-content\/uploads\/2023\/10\/Cummins.jpg\" alt=\"carousel image\" \/><\/span><\/a><\/div><\/li><li class='item'><div class=\"carousel_item_holder\"><a itemprop='url' href='#' target='_self'><span class='first_image_holder has_hover_image'><img decoding=\"async\" itemprop=\"image\" src=\"https:\/\/tallerdieselbogota.com\/wp-content\/uploads\/2023\/10\/Detroit-Diesel.jpg\" alt=\"carousel image\" \/><\/span><span class='second_image_holder has_hover_image'><img decoding=\"async\" itemprop=\"image\" src=\"https:\/\/tallerdieselbogota.com\/wp-content\/uploads\/2023\/10\/Detroit-Diesel.jpg\" alt=\"carousel image\" \/><\/span><\/a><\/div><\/li><li class='item'><div class=\"carousel_item_holder\"><a itemprop='url' href='#' target='_self'><span class='first_image_holder has_hover_image'><img decoding=\"async\" itemprop=\"image\" src=\"https:\/\/tallerdieselbogota.com\/wp-content\/uploads\/2023\/10\/Isuzu.jpg\" alt=\"carousel image\" \/><\/span><span class='second_image_holder has_hover_image'><img decoding=\"async\" itemprop=\"image\" src=\"https:\/\/tallerdieselbogota.com\/wp-content\/uploads\/2023\/10\/Isuzu.jpg\" alt=\"carousel image\" \/><\/span><\/a><\/div><\/li><li class='item'><div class=\"carousel_item_holder\"><a itemprop='url' href='#' target='_self'><span class='first_image_holder has_hover_image'><img decoding=\"async\" itemprop=\"image\" src=\"https:\/\/tallerdieselbogota.com\/wp-content\/uploads\/2023\/10\/Mercedez-benz.jpg\" alt=\"carousel image\" \/><\/span><span class='second_image_holder has_hover_image'><img decoding=\"async\" itemprop=\"image\" src=\"https:\/\/tallerdieselbogota.com\/wp-content\/uploads\/2023\/10\/Mercedez-benz.jpg\" alt=\"carousel image\" \/><\/span><\/a><\/div><\/li><li class='item'><div class=\"carousel_item_holder\"><a itemprop='url' href='#' target='_self'><span class='first_image_holder has_hover_image'><img decoding=\"async\" itemprop=\"image\" src=\"https:\/\/tallerdieselbogota.com\/wp-content\/uploads\/2023\/10\/Volvo.jpg\" alt=\"carousel image\" \/><\/span><span class='second_image_holder has_hover_image'><img decoding=\"async\" itemprop=\"image\" src=\"https:\/\/tallerdieselbogota.com\/wp-content\/uploads\/2023\/10\/Volvo.jpg\" alt=\"carousel image\" \/><\/span><\/a><\/div><\/li><li class='item'><div class=\"carousel_item_holder\"><a itemprop='url' href='#' target='_self'><span class='first_image_holder has_hover_image'><img decoding=\"async\" itemprop=\"image\" src=\"https:\/\/tallerdieselbogota.com\/wp-content\/uploads\/2023\/10\/Scania.jpg\" alt=\"carousel image\" \/><\/span><span class='second_image_holder has_hover_image'><img decoding=\"async\" itemprop=\"image\" src=\"https:\/\/tallerdieselbogota.com\/wp-content\/uploads\/2023\/10\/Scania.jpg\" alt=\"carousel image\" \/><\/span><\/a><\/div><\/li><\/ul><\/div><\/div>\t\t\t\t<\/div>\n\t\t\t\t<\/div>\n\t\t\t\t\t<\/div>\n\t\t<\/div>\n\t\t\t\t\t<\/div>\n\t\t<\/section>\n\t\t\t\t\t<\/div>\n\t\t<\/div>\n\t\t\t\t\t<\/div>\n\t\t<\/section>\n\t\t\t\t<\/div>\n\t\t","protected":false},"excerpt":{"rendered":"<p>\u00bfQui\u00e9nes somos? Somos un taller mec\u00e1nico especializado en motores diesel, con m\u00e1s de 20 a\u00f1os de experiencia en el mercado. Nos dedicamos al mantenimiento y reparaci\u00f3n de veh\u00edculos pesados, mulas y volquetas, veh\u00edculos de carga, y maquinaria de construcci\u00f3n. Contamos con un equipo de profesionales&#8230;<\/p>\n","protected":false},"author":1,"featured_media":0,"parent":0,"menu_order":0,"comment_status":"closed","ping_status":"closed","template":"full_width.php","meta":{"footnotes":""},"class_list":["post-673","page","type-page","status-publish","hentry"],"_links":{"self":[{"href":"https:\/\/tallerdieselbogota.com\/index.php\/wp-json\/wp\/v2\/pages\/673","targetHints":{"allow":["GET"]}}],"collection":[{"href":"https:\/\/tallerdieselbogota.com\/index.php\/wp-json\/wp\/v2\/pages"}],"about":[{"href":"https:\/\/tallerdieselbogota.com\/index.php\/wp-json\/wp\/v2\/types\/page"}],"author":[{"embeddable":true,"href":"https:\/\/tallerdieselbogota.com\/index.php\/wp-json\/wp\/v2\/users\/1"}],"replies":[{"embeddable":true,"href":"https:\/\/tallerdieselbogota.com\/index.php\/wp-json\/wp\/v2\/comments?post=673"}],"version-history":[{"count":58,"href":"https:\/\/tallerdieselbogota.com\/index.php\/wp-json\/wp\/v2\/pages\/673\/revisions"}],"predecessor-version":[{"id":1752,"href":"https:\/\/tallerdieselbogota.com\/index.php\/wp-json\/wp\/v2\/pages\/673\/revisions\/1752"}],"wp:attachment":[{"href":"https:\/\/tallerdieselbogota.com\/index.php\/wp-json\/wp\/v2\/media?parent=673"}],"curies":[{"name":"wp","href":"https:\/\/api.w.org\/{rel}","templated":true}]}}